{"id":8,"date":"2015-03-07T19:43:29","date_gmt":"2015-03-07T19:43:29","guid":{"rendered":""},"modified":"2015-06-10T21:11:02","modified_gmt":"2015-06-10T19:11:02","slug":"versandkosten","status":"publish","type":"page","link":"https:\/\/shop.dog-food.ch\/?page_id=8","title":{"rendered":"Versandkosten"},"content":{"rendered":"<p>Die Lieferkosten werden nach Standort des Kunden und Anzahl Paketen gem\u00e4ss den Tarifen des Lieferservices der Metropol Kurier GmbH verrechnet. Die Tarife sind auf der Website von Dog-Food.ch publiziert und verbindlich. F\u00fcr den Versand der Tiefk\u00fchlprodukte verwenden wir Spezialboxen mit K\u00fchlakkus, die \u00f6kologisch und wiederverwendbar sind. Wir verrechnen f\u00fcr diesen Service keine zus\u00e4tzliche Kosten, das geh\u00f6rt zum Service des Versandes. Wir \u00fcbernehmen keine Haftung oder Garantie sollte die Ware auftauen, wenn die Bestellung nicht rechtzeitig entgegen genommen wurde. Es wird nur innerhalb der Schweiz ausgeliefert, weil es sich um tiefgek\u00fchlte Waren handelt. Die Ware wird, sofern ab Lager verf\u00fcgbar gem\u00e4ss Wunschtermin geliefert. Die Angabe eines Liefertermins durch Dog-Food.ch erfolgt nach bestem Wissen, jedoch ohne Gew\u00e4hr. Der Kunde kommt in den Genuss des Servcie \u201aLieferung auf Wunschtermin\u2018. Der Kunde kann bei der Bestellung eine Wunsch Lieferzeit angeben, welche sich auf einen Lieferzeitraum von mindestes 2 Stunden bezieht. In keinem Fall begr\u00fcnden Lieferverz\u00f6gerungen Schadenersatzanspr\u00fcche oder ein R\u00fccktrittsrecht des Kunden vom Kaufvertrag.<\/p>\n<p><a href=\"http:\/\/www.dog-food.ch\/wp-content\/uploads\/2015\/03\/Lieferkosten_Dog-Food.ch_.pdf\">Lieferkosten<\/a><\/p>\n","protected":false},"excerpt":{"rendered":"<p>Die Lieferkosten werden nach Standort des Kunden und Anzahl Paketen gem\u00e4ss den Tarifen des Lieferservices der Metropol Kurier GmbH verrechnet. Die Tarife sind auf der Website von Dog-Food.ch publiziert und verbindlich. F\u00fcr den Versand der Tiefk\u00fchlprodukte verwenden wir Spezialboxen mit K\u00fchlakkus, die \u00f6kologisch und wiederverwendbar sind. Wir verrechnen f\u00fcr diesen Service keine zus\u00e4tzliche Kosten, das [&hellip;]<\/p>\n","protected":false},"author":1,"featured_media":0,"parent":0,"menu_order":0,"comment_status":"closed","ping_status":"closed","template":"page-full-width.php","meta":{"footnotes":""},"class_list":["post-8","page","type-page","status-publish","hentry"],"yoast_head":"<!-- This site is optimized with the Yoast SEO plugin v27.3 - https:\/\/yoast.com\/product\/yoast-seo-wordpress\/ -->\n<title>Versandkosten - Dog-Food<\/title>\n<meta name=\"robots\" content=\"index, follow, max-snippet:-1, max-image-preview:large, max-video-preview:-1\" \/>\n<link rel=\"canonical\" href=\"https:\/\/shop.dog-food.ch\/?page_id=8\" \/>\n<meta property=\"og:locale\" content=\"de_DE\" \/>\n<meta property=\"og:type\" content=\"article\" \/>\n<meta property=\"og:title\" content=\"Versandkosten - Dog-Food\" \/>\n<meta property=\"og:description\" content=\"Die Lieferkosten werden nach Standort des Kunden und Anzahl Paketen gem\u00e4ss den Tarifen des Lieferservices der Metropol Kurier GmbH verrechnet. Die Tarife sind auf der Website von Dog-Food.ch publiziert und verbindlich. F\u00fcr den Versand der Tiefk\u00fchlprodukte verwenden wir Spezialboxen mit K\u00fchlakkus, die \u00f6kologisch und wiederverwendbar sind. Wir verrechnen f\u00fcr diesen Service keine zus\u00e4tzliche Kosten, das [&hellip;]\" \/>\n<meta property=\"og:url\" content=\"https:\/\/shop.dog-food.ch\/?page_id=8\" \/>\n<meta property=\"og:site_name\" content=\"Dog-Food\" \/>\n<meta property=\"article:modified_time\" content=\"2015-06-10T19:11:02+00:00\" \/>\n<meta name=\"twitter:card\" content=\"summary_large_image\" \/>\n<meta name=\"twitter:label1\" content=\"Gesch\u00e4tzte Lesezeit\" \/>\n\t<meta name=\"twitter:data1\" content=\"1\u00a0Minute\" \/>\n<script type=\"application\/ld+json\" class=\"yoast-schema-graph\">{\"@context\":\"https:\\\/\\\/schema.org\",\"@graph\":[{\"@type\":\"WebPage\",\"@id\":\"https:\\\/\\\/shop.dog-food.ch\\\/?page_id=8\",\"url\":\"https:\\\/\\\/shop.dog-food.ch\\\/?page_id=8\",\"name\":\"Versandkosten - Dog-Food\",\"isPartOf\":{\"@id\":\"https:\\\/\\\/shop.dog-food.ch\\\/#website\"},\"datePublished\":\"2015-03-07T19:43:29+00:00\",\"dateModified\":\"2015-06-10T19:11:02+00:00\",\"breadcrumb\":{\"@id\":\"https:\\\/\\\/shop.dog-food.ch\\\/?page_id=8#breadcrumb\"},\"inLanguage\":\"de\",\"potentialAction\":[{\"@type\":\"ReadAction\",\"target\":[\"https:\\\/\\\/shop.dog-food.ch\\\/?page_id=8\"]}]},{\"@type\":\"BreadcrumbList\",\"@id\":\"https:\\\/\\\/shop.dog-food.ch\\\/?page_id=8#breadcrumb\",\"itemListElement\":[{\"@type\":\"ListItem\",\"position\":1,\"name\":\"Home\",\"item\":\"https:\\\/\\\/shop.dog-food.ch\\\/\"},{\"@type\":\"ListItem\",\"position\":2,\"name\":\"Versandkosten\"}]},{\"@type\":\"WebSite\",\"@id\":\"https:\\\/\\\/shop.dog-food.ch\\\/#website\",\"url\":\"https:\\\/\\\/shop.dog-food.ch\\\/\",\"name\":\"Dog-Food\",\"description\":\"\",\"publisher\":{\"@id\":\"https:\\\/\\\/shop.dog-food.ch\\\/#organization\"},\"potentialAction\":[{\"@type\":\"SearchAction\",\"target\":{\"@type\":\"EntryPoint\",\"urlTemplate\":\"https:\\\/\\\/shop.dog-food.ch\\\/?s={search_term_string}\"},\"query-input\":{\"@type\":\"PropertyValueSpecification\",\"valueRequired\":true,\"valueName\":\"search_term_string\"}}],\"inLanguage\":\"de\"},{\"@type\":\"Organization\",\"@id\":\"https:\\\/\\\/shop.dog-food.ch\\\/#organization\",\"name\":\"dog-food.ch\",\"url\":\"https:\\\/\\\/shop.dog-food.ch\\\/\",\"logo\":{\"@type\":\"ImageObject\",\"inLanguage\":\"de\",\"@id\":\"https:\\\/\\\/shop.dog-food.ch\\\/#\\\/schema\\\/logo\\\/image\\\/\",\"url\":\"https:\\\/\\\/shop.dog-food.ch\\\/wp-content\\\/uploads\\\/2015\\\/08\\\/logo1.png\",\"contentUrl\":\"https:\\\/\\\/shop.dog-food.ch\\\/wp-content\\\/uploads\\\/2015\\\/08\\\/logo1.png\",\"width\":280,\"height\":280,\"caption\":\"dog-food.ch\"},\"image\":{\"@id\":\"https:\\\/\\\/shop.dog-food.ch\\\/#\\\/schema\\\/logo\\\/image\\\/\"}}]}<\/script>\n<!-- \/ Yoast SEO plugin. -->","yoast_head_json":{"title":"Versandkosten - Dog-Food","robots":{"index":"index","follow":"follow","max-snippet":"max-snippet:-1","max-image-preview":"max-image-preview:large","max-video-preview":"max-video-preview:-1"},"canonical":"https:\/\/shop.dog-food.ch\/?page_id=8","og_locale":"de_DE","og_type":"article","og_title":"Versandkosten - Dog-Food","og_description":"Die Lieferkosten werden nach Standort des Kunden und Anzahl Paketen gem\u00e4ss den Tarifen des Lieferservices der Metropol Kurier GmbH verrechnet. Die Tarife sind auf der Website von Dog-Food.ch publiziert und verbindlich. F\u00fcr den Versand der Tiefk\u00fchlprodukte verwenden wir Spezialboxen mit K\u00fchlakkus, die \u00f6kologisch und wiederverwendbar sind. Wir verrechnen f\u00fcr diesen Service keine zus\u00e4tzliche Kosten, das [&hellip;]","og_url":"https:\/\/shop.dog-food.ch\/?page_id=8","og_site_name":"Dog-Food","article_modified_time":"2015-06-10T19:11:02+00:00","twitter_card":"summary_large_image","twitter_misc":{"Gesch\u00e4tzte Lesezeit":"1\u00a0Minute"},"schema":{"@context":"https:\/\/schema.org","@graph":[{"@type":"WebPage","@id":"https:\/\/shop.dog-food.ch\/?page_id=8","url":"https:\/\/shop.dog-food.ch\/?page_id=8","name":"Versandkosten - Dog-Food","isPartOf":{"@id":"https:\/\/shop.dog-food.ch\/#website"},"datePublished":"2015-03-07T19:43:29+00:00","dateModified":"2015-06-10T19:11:02+00:00","breadcrumb":{"@id":"https:\/\/shop.dog-food.ch\/?page_id=8#breadcrumb"},"inLanguage":"de","potentialAction":[{"@type":"ReadAction","target":["https:\/\/shop.dog-food.ch\/?page_id=8"]}]},{"@type":"BreadcrumbList","@id":"https:\/\/shop.dog-food.ch\/?page_id=8#breadcrumb","itemListElement":[{"@type":"ListItem","position":1,"name":"Home","item":"https:\/\/shop.dog-food.ch\/"},{"@type":"ListItem","position":2,"name":"Versandkosten"}]},{"@type":"WebSite","@id":"https:\/\/shop.dog-food.ch\/#website","url":"https:\/\/shop.dog-food.ch\/","name":"Dog-Food","description":"","publisher":{"@id":"https:\/\/shop.dog-food.ch\/#organization"},"potentialAction":[{"@type":"SearchAction","target":{"@type":"EntryPoint","urlTemplate":"https:\/\/shop.dog-food.ch\/?s={search_term_string}"},"query-input":{"@type":"PropertyValueSpecification","valueRequired":true,"valueName":"search_term_string"}}],"inLanguage":"de"},{"@type":"Organization","@id":"https:\/\/shop.dog-food.ch\/#organization","name":"dog-food.ch","url":"https:\/\/shop.dog-food.ch\/","logo":{"@type":"ImageObject","inLanguage":"de","@id":"https:\/\/shop.dog-food.ch\/#\/schema\/logo\/image\/","url":"https:\/\/shop.dog-food.ch\/wp-content\/uploads\/2015\/08\/logo1.png","contentUrl":"https:\/\/shop.dog-food.ch\/wp-content\/uploads\/2015\/08\/logo1.png","width":280,"height":280,"caption":"dog-food.ch"},"image":{"@id":"https:\/\/shop.dog-food.ch\/#\/schema\/logo\/image\/"}}]}},"_links":{"self":[{"href":"https:\/\/shop.dog-food.ch\/index.php?rest_route=\/wp\/v2\/pages\/8","targetHints":{"allow":["GET"]}}],"collection":[{"href":"https:\/\/shop.dog-food.ch\/index.php?rest_route=\/wp\/v2\/pages"}],"about":[{"href":"https:\/\/shop.dog-food.ch\/index.php?rest_route=\/wp\/v2\/types\/page"}],"author":[{"embeddable":true,"href":"https:\/\/shop.dog-food.ch\/index.php?rest_route=\/wp\/v2\/users\/1"}],"replies":[{"embeddable":true,"href":"https:\/\/shop.dog-food.ch\/index.php?rest_route=%2Fwp%2Fv2%2Fcomments&post=8"}],"version-history":[{"count":5,"href":"https:\/\/shop.dog-food.ch\/index.php?rest_route=\/wp\/v2\/pages\/8\/revisions"}],"predecessor-version":[{"id":469,"href":"https:\/\/shop.dog-food.ch\/index.php?rest_route=\/wp\/v2\/pages\/8\/revisions\/469"}],"wp:attachment":[{"href":"https:\/\/shop.dog-food.ch\/index.php?rest_route=%2Fwp%2Fv2%2Fmedia&parent=8"}],"curies":[{"name":"wp","href":"https:\/\/api.w.org\/{rel}","templated":true}]}}