{"id":11,"date":"2015-03-07T19:43:29","date_gmt":"2015-03-07T19:43:29","guid":{"rendered":""},"modified":"2017-10-31T09:35:43","modified_gmt":"2017-10-31T08:35:43","slug":"widerrufsbelehrung","status":"publish","type":"page","link":"https:\/\/shop.dog-food.ch\/?page_id=11","title":{"rendered":"Widerrufsbelehrung"},"content":{"rendered":"<p>Beanstandungen wegen Abweichungen von der Bestellung oder M\u00e4ngeln sind, soweit diese durch zumutbare Untersuchungen feststellbar sind, unverz\u00fcglich, sp\u00e4testens jedoch binnen 7 Tagen nach Erhalt der Ware schriftlich geltend zu machen. Umtausch, Gutschein oder R\u00fcckerstattung der Ware erfolgt nur bei berechtigter M\u00e4ngelr\u00fcge.<\/p>\n<p>Waren die vom Kunden selbst oder seinem Vierbeiner (Hunde\/Katzen) besch\u00e4digt wurden, werden nicht ersetzt. Bei Produktabbildungen von nat\u00fcrlichen Produkten k\u00f6nnen Abweichungen in Farbe und Beschaffenheit vorkommen, und werden als Mangel nicht akzeptiert. Dog-Food.ch gew\u00e4hrleistet, dass die verkaufte Ware zum Zeitpunkt des Gefahren\u00fcbergangs in einwandfreiem Zustand ist. R\u00fccksendungen die per Post versendet werden, d\u00fcrfen nur Priority und bitte immer ausreichend frankiert aufgegeben werden, ansonsten k\u00f6nnen wir die Ware nicht annehmen. Bitte nur komplett durchgefrorene Ware versenden! Bei berechtigter R\u00fccksendung erstatten wir Ihnen die Versandkosten (bitte Quittung zusenden). S\u00e4mtliche R\u00fccksendungen immer nur nach vorheriger R\u00fccksprache mit Dog-Food.ch.<br \/>\nBitte verwenden Sie bei R\u00fccksendungen immer unser Retourenformular und kontaktieren\/informieren Sie uns vorab unter info@dog-food.ch.<\/p>\n<p>R\u00fccksendeadresse:<br \/>\nK. Sch\u00fcepp &amp; P.W\u00fcthrich, Dog-Food.ch, Reichensteinerstr. 13, 4153 Reinach BL.<\/p>\n<p>&nbsp;<\/p>\n","protected":false},"excerpt":{"rendered":"<p>Beanstandungen wegen Abweichungen von der Bestellung oder M\u00e4ngeln sind, soweit diese durch zumutbare Untersuchungen feststellbar sind, unverz\u00fcglich, sp\u00e4testens jedoch binnen 7 Tagen nach Erhalt der Ware schriftlich geltend zu machen. Umtausch, Gutschein oder R\u00fcckerstattung der Ware erfolgt nur bei berechtigter M\u00e4ngelr\u00fcge. Waren die vom Kunden selbst oder seinem Vierbeiner (Hunde\/Katzen) besch\u00e4digt wurden, werden nicht ersetzt. [&hellip;]<\/p>\n","protected":false},"author":1,"featured_media":0,"parent":0,"menu_order":0,"comment_status":"closed","ping_status":"closed","template":"page-full-width.php","meta":{"footnotes":""},"class_list":["post-11","page","type-page","status-publish","hentry"],"yoast_head":"<!-- This site is optimized with the Yoast SEO plugin v27.3 - https:\/\/yoast.com\/product\/yoast-seo-wordpress\/ -->\n<title>Widerrufsbelehrung - Dog-Food<\/title>\n<meta name=\"robots\" content=\"index, follow, max-snippet:-1, max-image-preview:large, max-video-preview:-1\" \/>\n<link rel=\"canonical\" href=\"https:\/\/shop.dog-food.ch\/?page_id=11\" \/>\n<meta property=\"og:locale\" content=\"de_DE\" \/>\n<meta property=\"og:type\" content=\"article\" \/>\n<meta property=\"og:title\" content=\"Widerrufsbelehrung - Dog-Food\" \/>\n<meta property=\"og:description\" content=\"Beanstandungen wegen Abweichungen von der Bestellung oder M\u00e4ngeln sind, soweit diese durch zumutbare Untersuchungen feststellbar sind, unverz\u00fcglich, sp\u00e4testens jedoch binnen 7 Tagen nach Erhalt der Ware schriftlich geltend zu machen. Umtausch, Gutschein oder R\u00fcckerstattung der Ware erfolgt nur bei berechtigter M\u00e4ngelr\u00fcge. Waren die vom Kunden selbst oder seinem Vierbeiner (Hunde\/Katzen) besch\u00e4digt wurden, werden nicht ersetzt. [&hellip;]\" \/>\n<meta property=\"og:url\" content=\"https:\/\/shop.dog-food.ch\/?page_id=11\" \/>\n<meta property=\"og:site_name\" content=\"Dog-Food\" \/>\n<meta property=\"article:modified_time\" content=\"2017-10-31T08:35:43+00:00\" \/>\n<meta name=\"twitter:card\" content=\"summary_large_image\" \/>\n<meta name=\"twitter:label1\" content=\"Gesch\u00e4tzte Lesezeit\" \/>\n\t<meta name=\"twitter:data1\" content=\"1\u00a0Minute\" \/>\n<script type=\"application\/ld+json\" class=\"yoast-schema-graph\">{\"@context\":\"https:\\\/\\\/schema.org\",\"@graph\":[{\"@type\":\"WebPage\",\"@id\":\"https:\\\/\\\/shop.dog-food.ch\\\/?page_id=11\",\"url\":\"https:\\\/\\\/shop.dog-food.ch\\\/?page_id=11\",\"name\":\"Widerrufsbelehrung - Dog-Food\",\"isPartOf\":{\"@id\":\"https:\\\/\\\/shop.dog-food.ch\\\/#website\"},\"datePublished\":\"2015-03-07T19:43:29+00:00\",\"dateModified\":\"2017-10-31T08:35:43+00:00\",\"breadcrumb\":{\"@id\":\"https:\\\/\\\/shop.dog-food.ch\\\/?page_id=11#breadcrumb\"},\"inLanguage\":\"de\",\"potentialAction\":[{\"@type\":\"ReadAction\",\"target\":[\"https:\\\/\\\/shop.dog-food.ch\\\/?page_id=11\"]}]},{\"@type\":\"BreadcrumbList\",\"@id\":\"https:\\\/\\\/shop.dog-food.ch\\\/?page_id=11#breadcrumb\",\"itemListElement\":[{\"@type\":\"ListItem\",\"position\":1,\"name\":\"Home\",\"item\":\"https:\\\/\\\/shop.dog-food.ch\\\/\"},{\"@type\":\"ListItem\",\"position\":2,\"name\":\"Widerrufsbelehrung\"}]},{\"@type\":\"WebSite\",\"@id\":\"https:\\\/\\\/shop.dog-food.ch\\\/#website\",\"url\":\"https:\\\/\\\/shop.dog-food.ch\\\/\",\"name\":\"Dog-Food\",\"description\":\"\",\"publisher\":{\"@id\":\"https:\\\/\\\/shop.dog-food.ch\\\/#organization\"},\"potentialAction\":[{\"@type\":\"SearchAction\",\"target\":{\"@type\":\"EntryPoint\",\"urlTemplate\":\"https:\\\/\\\/shop.dog-food.ch\\\/?s={search_term_string}\"},\"query-input\":{\"@type\":\"PropertyValueSpecification\",\"valueRequired\":true,\"valueName\":\"search_term_string\"}}],\"inLanguage\":\"de\"},{\"@type\":\"Organization\",\"@id\":\"https:\\\/\\\/shop.dog-food.ch\\\/#organization\",\"name\":\"dog-food.ch\",\"url\":\"https:\\\/\\\/shop.dog-food.ch\\\/\",\"logo\":{\"@type\":\"ImageObject\",\"inLanguage\":\"de\",\"@id\":\"https:\\\/\\\/shop.dog-food.ch\\\/#\\\/schema\\\/logo\\\/image\\\/\",\"url\":\"https:\\\/\\\/shop.dog-food.ch\\\/wp-content\\\/uploads\\\/2015\\\/08\\\/logo1.png\",\"contentUrl\":\"https:\\\/\\\/shop.dog-food.ch\\\/wp-content\\\/uploads\\\/2015\\\/08\\\/logo1.png\",\"width\":280,\"height\":280,\"caption\":\"dog-food.ch\"},\"image\":{\"@id\":\"https:\\\/\\\/shop.dog-food.ch\\\/#\\\/schema\\\/logo\\\/image\\\/\"}}]}<\/script>\n<!-- \/ Yoast SEO plugin. -->","yoast_head_json":{"title":"Widerrufsbelehrung - Dog-Food","robots":{"index":"index","follow":"follow","max-snippet":"max-snippet:-1","max-image-preview":"max-image-preview:large","max-video-preview":"max-video-preview:-1"},"canonical":"https:\/\/shop.dog-food.ch\/?page_id=11","og_locale":"de_DE","og_type":"article","og_title":"Widerrufsbelehrung - Dog-Food","og_description":"Beanstandungen wegen Abweichungen von der Bestellung oder M\u00e4ngeln sind, soweit diese durch zumutbare Untersuchungen feststellbar sind, unverz\u00fcglich, sp\u00e4testens jedoch binnen 7 Tagen nach Erhalt der Ware schriftlich geltend zu machen. Umtausch, Gutschein oder R\u00fcckerstattung der Ware erfolgt nur bei berechtigter M\u00e4ngelr\u00fcge. Waren die vom Kunden selbst oder seinem Vierbeiner (Hunde\/Katzen) besch\u00e4digt wurden, werden nicht ersetzt. [&hellip;]","og_url":"https:\/\/shop.dog-food.ch\/?page_id=11","og_site_name":"Dog-Food","article_modified_time":"2017-10-31T08:35:43+00:00","twitter_card":"summary_large_image","twitter_misc":{"Gesch\u00e4tzte Lesezeit":"1\u00a0Minute"},"schema":{"@context":"https:\/\/schema.org","@graph":[{"@type":"WebPage","@id":"https:\/\/shop.dog-food.ch\/?page_id=11","url":"https:\/\/shop.dog-food.ch\/?page_id=11","name":"Widerrufsbelehrung - Dog-Food","isPartOf":{"@id":"https:\/\/shop.dog-food.ch\/#website"},"datePublished":"2015-03-07T19:43:29+00:00","dateModified":"2017-10-31T08:35:43+00:00","breadcrumb":{"@id":"https:\/\/shop.dog-food.ch\/?page_id=11#breadcrumb"},"inLanguage":"de","potentialAction":[{"@type":"ReadAction","target":["https:\/\/shop.dog-food.ch\/?page_id=11"]}]},{"@type":"BreadcrumbList","@id":"https:\/\/shop.dog-food.ch\/?page_id=11#breadcrumb","itemListElement":[{"@type":"ListItem","position":1,"name":"Home","item":"https:\/\/shop.dog-food.ch\/"},{"@type":"ListItem","position":2,"name":"Widerrufsbelehrung"}]},{"@type":"WebSite","@id":"https:\/\/shop.dog-food.ch\/#website","url":"https:\/\/shop.dog-food.ch\/","name":"Dog-Food","description":"","publisher":{"@id":"https:\/\/shop.dog-food.ch\/#organization"},"potentialAction":[{"@type":"SearchAction","target":{"@type":"EntryPoint","urlTemplate":"https:\/\/shop.dog-food.ch\/?s={search_term_string}"},"query-input":{"@type":"PropertyValueSpecification","valueRequired":true,"valueName":"search_term_string"}}],"inLanguage":"de"},{"@type":"Organization","@id":"https:\/\/shop.dog-food.ch\/#organization","name":"dog-food.ch","url":"https:\/\/shop.dog-food.ch\/","logo":{"@type":"ImageObject","inLanguage":"de","@id":"https:\/\/shop.dog-food.ch\/#\/schema\/logo\/image\/","url":"https:\/\/shop.dog-food.ch\/wp-content\/uploads\/2015\/08\/logo1.png","contentUrl":"https:\/\/shop.dog-food.ch\/wp-content\/uploads\/2015\/08\/logo1.png","width":280,"height":280,"caption":"dog-food.ch"},"image":{"@id":"https:\/\/shop.dog-food.ch\/#\/schema\/logo\/image\/"}}]}},"_links":{"self":[{"href":"https:\/\/shop.dog-food.ch\/index.php?rest_route=\/wp\/v2\/pages\/11","targetHints":{"allow":["GET"]}}],"collection":[{"href":"https:\/\/shop.dog-food.ch\/index.php?rest_route=\/wp\/v2\/pages"}],"about":[{"href":"https:\/\/shop.dog-food.ch\/index.php?rest_route=\/wp\/v2\/types\/page"}],"author":[{"embeddable":true,"href":"https:\/\/shop.dog-food.ch\/index.php?rest_route=\/wp\/v2\/users\/1"}],"replies":[{"embeddable":true,"href":"https:\/\/shop.dog-food.ch\/index.php?rest_route=%2Fwp%2Fv2%2Fcomments&post=11"}],"version-history":[{"count":3,"href":"https:\/\/shop.dog-food.ch\/index.php?rest_route=\/wp\/v2\/pages\/11\/revisions"}],"predecessor-version":[{"id":815,"href":"https:\/\/shop.dog-food.ch\/index.php?rest_route=\/wp\/v2\/pages\/11\/revisions\/815"}],"wp:attachment":[{"href":"https:\/\/shop.dog-food.ch\/index.php?rest_route=%2Fwp%2Fv2%2Fmedia&parent=11"}],"curies":[{"name":"wp","href":"https:\/\/api.w.org\/{rel}","templated":true}]}}